{"id":19,"date":"2021-01-16T18:59:24","date_gmt":"2021-01-16T17:59:24","guid":{"rendered":"https:\/\/onkologiaprzemysl.pl\/?page_id=19"},"modified":"2025-11-17T18:16:09","modified_gmt":"2025-11-17T17:16:09","slug":"test","status":"publish","type":"page","link":"https:\/\/onkologiaprzemysl.pl\/?page_id=19","title":{"rendered":"ONKOLOGICZNY TELEFON ZAUFANIA                           IM. DRA JANA HO\u0141\u00d3WKI"},"content":{"rendered":"\n<p><\/p>\n\n\n<div class=\"wp-block-image\">\n<figure class=\"aligncenter size-large\"><img loading=\"lazy\" decoding=\"async\" width=\"1024\" height=\"575\" src=\"https:\/\/onkologiaprzemysl.pl\/wp-content\/uploads\/2021\/03\/DSC08578-1024x575.jpg\" alt=\"\" class=\"wp-image-439\" srcset=\"https:\/\/onkologiaprzemysl.pl\/wp-content\/uploads\/2021\/03\/DSC08578-1024x575.jpg 1024w, https:\/\/onkologiaprzemysl.pl\/wp-content\/uploads\/2021\/03\/DSC08578-300x169.jpg 300w, https:\/\/onkologiaprzemysl.pl\/wp-content\/uploads\/2021\/03\/DSC08578-768x432.jpg 768w, https:\/\/onkologiaprzemysl.pl\/wp-content\/uploads\/2021\/03\/DSC08578-1536x863.jpg 1536w, https:\/\/onkologiaprzemysl.pl\/wp-content\/uploads\/2021\/03\/DSC08578-2048x1151.jpg 2048w, https:\/\/onkologiaprzemysl.pl\/wp-content\/uploads\/2021\/03\/DSC08578-480x270.jpg 480w\" sizes=\"auto, (max-width: 1024px) 100vw, 1024px\" \/><\/figure>\n<\/div>\n\n\n<p class=\"has-black-color has-text-color\" style=\"font-size:30px\"><strong>DOWIEDZ SI\u0118<\/strong>&#8230;<\/p>\n\n\n\n<p class=\"has-text-align-center has-luminous-vivid-orange-color has-text-color has-large-font-size\"><strong>ETAPY CHOROBY<\/strong><\/p>\n\n\n\n<p>           <em>Pierwszym etapem konfrontacji z chorob\u0105 jest rozpoznanie nowotworu, kt\u00f3re zawsze wywo\u0142uje szok i uczucie nierealno\u015bci sytuacji. Osoba chora czuje si\u0119 zdradzona przez swoje \u017cycie i swoje cia\u0142o. Razem z rodzin\u0105 staje w obliczu fazy ogromnego kryzysu. Zaczyna si\u0119 stresuj\u0105ca diagnostyka, maj\u0105ca na celu potwierdzenie rozpoznania, ocen\u0119 zaawansowania choroby oraz wdro\u017cenie leczenia. Wielk\u0105 rado\u015bci\u0105 jest moment wyleczenia i cho\u0107 pacjent jest wyczerpany to szcz\u0119\u015bliwy. <\/em><\/p>\n\n\n\n<p class=\"has-black-color has-text-color\">             <em>Trudniejszym czasem dla pacjenta jest pierwszy nawr\u00f3t choroby. Znika niestety wtedy nadzieja, \u017ce wszystko ze zdrowiem jest w porz\u0105dku. Trudniej jest pogodzi\u0107 si\u0119 z nawrotem choroby ni\u017c z sam\u0105 pierwsz\u0105 informacj\u0105 o jej rozpoznaniu. Pacjent przypomina sobie ca\u0142y proces nieraz wyczerpuj\u0105cego leczenia, boi si\u0119 najbli\u017cszej przysz\u0142o\u015bci. Rozpoczyna si\u0119 proces adaptacji do zaistnia\u0142ej sytuacji. Pojawiaj\u0105 si\u0119 wtedy mechanizmy obronne poprzez wypieranie choroby, zaprzeczanie jej lub wybi\u00f3rcze  przetwarzanie informacji. Pacjent w ko\u0144cu pr\u00f3buje przywr\u00f3ci\u0107 kontrol\u0119 nad swoim \u017cyciem. Dziej\u0119 si\u0119 to na przyk\u0142ad poprzez zmian\u0119 aktywno\u015bci fizycznej, rzucenie palenia, wprowadzenie zdrowej diety itp.. Pacjent musi porzuci\u0107 poczucie ukaranie za co\u015b t\u0105 chorob\u0105. Jest to etap, w kt\u00f3rym najbli\u017csi odgrywaj\u0105 ogromn\u0105 rol\u0119. <strong>Z czasem nast\u0119puje adaptacja. <\/strong><\/em><\/p>\n\n\n\n<p>        <em>Wed\u0142ug Greera i Mooreya wyr\u00f3\u017cnia si\u0119 pi\u0119\u0107 zasadniczych form przystosowania do choroby nowotworowej:<\/em><\/p>\n\n\n\n<ol class=\"wp-block-list has-black-color has-text-color\">\n<li><em>POSTAWA DUCHA WALKI &#8211; czowiek jest aktywny, odwa\u017cny, nie poddaje si\u0119, optymistycznie patrzy w przyszo\u015bc.<\/em><\/li>\n\n\n\n<li><em>TWORZENIE  PRZEZ POD\u015aWIADOMO\u015a\u0106 MECHANIZM\u00d3W OBRONNYCH &#8211; oswojenie si\u0119 z chorob\u0105 i radzenie sobie z sytuacj\u0105.<\/em><\/li>\n\n\n\n<li><em>FATALISTYCZNY &#8211; cz\u0142owiek godzi si\u0119 z losem, stoicka akceptacja.<\/em><\/li>\n\n\n\n<li><em>POSTAWA HELPLESS-HOPELESS &#8211; pacjent odczuwa bezradno\u015b\u0107, beznadziejno\u015b\u0107 sytuacji, towarzyszu mu uczucie l\u0119ku i przygn\u0119bienia.<\/em><\/li>\n\n\n\n<li><em>ZWRACANIE UWAGI NA SZCZEG\u00d3\u0141Y &#8211; pojawiaj\u0105 si\u0119 zachowania hipochondryczne.<\/em><\/li>\n<\/ol>\n\n\n\n<p class=\"has-black-color has-text-color\">           <em><strong> <\/strong>Kolejnym, istotnym etapem w przebiegu choroby nowotworowej, wywo\u0142uj\u0105cym ponowny szok u pacjenta jest, zaprzestanie leczenia przyczynowego. Informacja taka najcz\u0119\u015bciej wywo\u0142uje uczucie niedowierzania i rozczarowania. Pojawiaj\u0105 si\u0119 pytania: &#8222;co dalej?&#8221; &#8222;na co teraz czekam?&#8221;. Pacjent czuj\u0119 si\u0119 odsuni\u0119ty od \u017cycia i bardzo skrzywdzony, jednak w dalszym ci\u0105gu adaptuje si\u0119 do sytuacji. Wszystko zale\u017cy od wcze\u015bniejszych do\u015bwiadcze\u0144 \u017cyciowych, cz\u0119sto umniejsza si\u0119 zas\u0142yszane informacje o stanie zdrowia. Bywa tak\u017ce, \u017ce nie\u015bwiadomy pacjent, sam dostrzega nieodwracalno\u015b\u0107 zmian zachodz\u0105cych w swojej aktywno\u015bci. Nie tylko pacjent, ale tak\u017ce bliskie mu osoby stosuj\u0105 mechanizmy obronne w celu zmniejszenia napi\u0119cia emocjonalnego.<\/em><\/p>\n\n\n\n<p><\/p>\n\n\n\n<p class=\"has-text-align-center has-luminous-vivid-orange-color has-text-color has-large-font-size\"><strong>ROLA RODZINY W OBLICZU CHOROBY NOWOTWOROWE<\/strong>J<\/p>\n\n\n\n<p>             <em>Ka\u017cda rodzina ma sw\u00f3j w\u0142asny spos\u00f3b radzenia sobie z problemami, kt\u00f3ry zosta\u0142 wypracowany przez pokolenia. S\u0105 sposoby na radzenie sobie z konfliktami rodzinnymi, problemami emocjonalnymi i finansowymi jej cz\u0142onk\u00f3w. Jednak w przypadku choroby nowotworowej, ka\u017cdy z bliskich musi sam wypracowa\u0107 sw\u00f3j spos\u00f3b zmierzenia si\u0119 z diagnoz\u0105. zazwyczaj rodzina robi wszystko, aby chory nie odczu\u0142, \u017ce jest dla niej ci\u0119\u017carem i nie odczu\u0142 ich przera\u017cenia ca\u0142\u0105 sytuacj\u0105. Rodzina staje w obliczu d\u0142ugotrwa\u0142ego kryzysu, kt\u00f3ry poci\u0105ga za sob\u0105 wiele wyzwa\u0144 i tworzy generalnie nowy model wzajemnych interakcji, zale\u017cno\u015bci i znacze\u0144 narzucanych przez post\u0119p choroby. Stan emocjonalny opiekun\u00f3w odzwierciedla zwykle stan psychiczny samego pacjenta.  Czasami rodzin\u0119 pacjenta okre\u015bla si\u0119  mianem &#8222;pacjenta drugiego rz\u0119du&#8221;, ze wzgl\u0119du na fakt, i\u017c odgrywa ona znamienn\u0105 rol\u0119 i jest wr\u0119cz uczestnikiem procesu diagnozowania i leczenia. W przypadku choroby rodzina ma wi\u0119ksze poczucie sp\u00f3jno\u015bci i solidarno\u015bci, zacie\u015bniaj\u0105 si\u0119 kontakty rodzinne, pojawia si\u0119 ch\u0119\u0107 pomocy, cz\u0142onkowie rodziny uzupe\u0142niaj\u0105 si\u0119 wzajemnie. Powinno si\u0119 za\u0142agodzi\u0107 wszelkie konflikty, a osoba chora jako to najs\u0142absze ogniwo powinna zosta\u0107 otoczona szczeg\u00f3ln\u0105 opiek\u0105.<\/em><\/p>\n\n\n\n<p>             <strong> <\/strong><em>Najlepiej by\u0142oby, gdyby chory normalnie uczestniczy\u0142 w \u017cyciu rodziny, aby traktowany by\u0142 naturalnie, powinien bra\u0107 udzia\u0142 w podejmowaniu rodzinnych decyzji. Jest to uk\u0142ad idealny, w kt\u00f3rym wida\u0107 najkorzystniejsze przystosowanie si\u0119 chorego i bliskich do choroby. Taki stan trwa zwykle na pocz\u0105tku choroby, natomiast wraz z up\u0142ywem leczenia wszyscy s\u0105 przem\u0119czeni i trudno powstrzymywa\u0107 emocje. Bliscy s\u0105 rozdra\u017cnieni i zniecierpliwieni i zaczynaj\u0105 ucieka\u0107 do swoich problem\u00f3w. <strong>Choroba nowotworowa jest trudna dla wszystkich<\/strong>.<\/em><\/p>\n\n\n\n<p><\/p>\n\n\n\n<p class=\"has-text-align-center has-luminous-vivid-orange-color has-text-color has-large-font-size\"><strong>POTRZEBY OPIEKUN\u00d3W<\/strong><\/p>\n\n\n\n<p class=\"has-black-color has-text-color\">        <em>Potrzeby opiekun\u00f3w osoby chorej s\u0105 r\u00f3wnie\u017c bardzo wa\u017cne. Mo\u017cna wyr\u00f3\u017cni\u0107 nast\u0119puj\u0105ce z nich:<\/em><\/p>\n\n\n\n<ol class=\"wp-block-list\">\n<li><em>Potrzeba \u015bwiadczenia pomocy przy wykonywaniu codziennych czynno\u015bci przy chorym, by zapewni\u0107 sobie minimalny komfort psychiczny przy niepowodzeniu leczenia.<\/em><\/li>\n\n\n\n<li><em>Potrzeba wsparcia przez innych by oderwa\u0107 si\u0119 cho\u0107 na chwil\u0119 od przygn\u0119biaj\u0105cej rzeczywisto\u015bci. Opiekun musi nauczy\u0107 si\u0119 lub mie\u0107 mo\u017cliwo\u015b\u0107 spojrzenia na sytuacj\u0119 z dystansu, poniewa\u017c tylko taka \u015bwiadomo\u015b\u0107 pozwoli na zachowanie dobrej kondycji psychicznej i fizycznej.<\/em><\/li>\n\n\n\n<li><em>Potrzeba rzetelnej informacji o stanie chorego cz\u0142onka rodziny, o post\u0119pie choroby, o ewentualnych zagro\u017ceniach czy ewentualnych niespodziewanych sytuacjach dotycz\u0105cych stanu chorego.<\/em><\/li>\n<\/ol>\n\n\n\n<p><strong><em>Ka\u017cdy musi mie\u0107 czas na przygotowanie si\u0119 do trudnych chwil. <\/em><\/strong><\/p>\n\n\n\n<p><\/p>\n\n\n\n<p class=\"has-text-align-center has-luminous-vivid-orange-color has-text-color has-large-font-size\"><strong>KILKA DROBNYCH RAD DLA OPIEKUN\u00d3W PACJENT\u00d3W ONKOLOGICZNYCH<\/strong><\/p>\n\n\n\n<ol class=\"wp-block-list\">\n<li><em>Zbyt d\u0142ugie i cz\u0119ste wizyty s\u0105siad\u00f3w i rodziny s\u0105 m\u0119cz\u0105ce.<\/em><\/li>\n\n\n\n<li><em>S\u0142uchanie zbyt g\u0142o\u015bno radia i telewizji jest m\u0119cz\u0105ce.<\/em><\/li>\n\n\n\n<li><em>Przedwczesne przejmowanie obowi\u0105zk\u00f3w chorego przez rodzin\u0119 jest niewskazane.<\/em><\/li>\n\n\n\n<li><em>Zg\u0142aszanie potrzeb przez chorego i pewnych dolegliwo\u015bci nie mo\u017ce by\u0107 traktowane jako kaprys.<\/em><\/li>\n\n\n\n<li><em>U\u017calanie si\u0119 nad pacjentem i dyskusje na temat czy za p\u00f3\u017ano zg\u0142osi\u0142 si\u0119 do lekarza nie powinny si\u0119 odbywa\u0107 przy  chorym.<\/em><\/li>\n\n\n\n<li><em>Nie odbieramy nadziei, nie m\u00f3wimy &#8222;ale schud\u0142e\u015b&#8221;, &#8222;ju\u017c nie dasz rady wsta\u0107 z \u0142\u00f3\u017cka&#8221;.<\/em><\/li>\n\n\n\n<li><em>Podkre\u015blamy to co dobre  o chorym &#8222;ale jeste\u015b cierpliwy&#8221;, &#8222;ale jeste\u015b dzielny&#8221;.<\/em><\/li>\n\n\n\n<li><em>Poprawiamy samoocen\u0119 chorego poprzez dobre wspomnienia i sukcesy.<\/em><\/li>\n\n\n\n<li><em>Niezwykle troskliwa powinna opieka nad osob\u0105 nieprzytomn\u0105, kt\u00f3ra nadal czuje i s\u0142yszy.<\/em><\/li>\n\n\n\n<li><em>Opieka powinna by\u0107 bez po\u015bpiechu, poniewa\u017c chory wymaga atmosfery spokoju.<\/em><\/li>\n<\/ol>\n","protected":false},"excerpt":{"rendered":"<p>DOWIEDZ SI\u0118&#8230; ETAPY CHOROBY Pierwszym etapem konfrontacji z chorob\u0105 jest rozpoznanie nowotworu, kt\u00f3re zawsze wywo\u0142uje szok i uczucie nierealno\u015bci sytuacji. [&hellip;]<\/p>\n","protected":false},"author":1,"featured_media":0,"parent":0,"menu_order":0,"comment_status":"closed","ping_status":"closed","template":"","meta":{"footnotes":""},"class_list":["post-19","page","type-page","status-publish","hentry"],"_links":{"self":[{"href":"https:\/\/onkologiaprzemysl.pl\/index.php?rest_route=\/wp\/v2\/pages\/19","targetHints":{"allow":["GET"]}}],"collection":[{"href":"https:\/\/onkologiaprzemysl.pl\/index.php?rest_route=\/wp\/v2\/pages"}],"about":[{"href":"https:\/\/onkologiaprzemysl.pl\/index.php?rest_route=\/wp\/v2\/types\/page"}],"author":[{"embeddable":true,"href":"https:\/\/onkologiaprzemysl.pl\/index.php?rest_route=\/wp\/v2\/users\/1"}],"replies":[{"embeddable":true,"href":"https:\/\/onkologiaprzemysl.pl\/index.php?rest_route=%2Fwp%2Fv2%2Fcomments&post=19"}],"version-history":[{"count":31,"href":"https:\/\/onkologiaprzemysl.pl\/index.php?rest_route=\/wp\/v2\/pages\/19\/revisions"}],"predecessor-version":[{"id":1652,"href":"https:\/\/onkologiaprzemysl.pl\/index.php?rest_route=\/wp\/v2\/pages\/19\/revisions\/1652"}],"wp:attachment":[{"href":"https:\/\/onkologiaprzemysl.pl\/index.php?rest_route=%2Fwp%2Fv2%2Fmedia&parent=19"}],"curies":[{"name":"wp","href":"https:\/\/api.w.org\/{rel}","templated":true}]}}